{"id":131,"date":"2020-09-15T06:48:51","date_gmt":"2020-09-15T09:48:51","guid":{"rendered":"https:\/\/mtstecnologiaeengenharia.com.br\/index.php\/services\/"},"modified":"2021-06-18T21:01:37","modified_gmt":"2021-06-19T00:01:37","slug":"servicos","status":"publish","type":"page","link":"https:\/\/mtstecnologiaeengenharia.com.br\/index.php\/servicos\/","title":{"rendered":"Servi\u00e7os"},"content":{"rendered":"\n<div class=\"wp-block-cover alignfull has-background-dim\" style=\"background-color:#040219;min-height:550px;aspect-ratio:unset;\"><img decoding=\"async\" width=\"1920\" height=\"1281\" class=\"wp-block-cover__image-background wp-image-331\" alt=\"\" src=\"https:\/\/mtstecnologiaeengenharia.com.br\/wp-content\/uploads\/2021\/06\/fundopagina3.jpg\" data-object-fit=\"cover\" srcset=\"https:\/\/mtstecnologiaeengenharia.com.br\/wp-content\/uploads\/2021\/06\/fundopagina3.jpg 1920w, https:\/\/mtstecnologiaeengenharia.com.br\/wp-content\/uploads\/2021\/06\/fundopagina3-300x200.jpg 300w, https:\/\/mtstecnologiaeengenharia.com.br\/wp-content\/uploads\/2021\/06\/fundopagina3-1024x683.jpg 1024w, https:\/\/mtstecnologiaeengenharia.com.br\/wp-content\/uploads\/2021\/06\/fundopagina3-768x512.jpg 768w, https:\/\/mtstecnologiaeengenharia.com.br\/wp-content\/uploads\/2021\/06\/fundopagina3-1536x1025.jpg 1536w\" sizes=\"(max-width: 1920px) 100vw, 1920px\" \/><div class=\"wp-block-cover__inner-container is-layout-flow wp-block-cover-is-layout-flow\">\n<h1 class=\"has-text-align-center has-white-color has-text-color wp-block-heading\">Servi\u00e7os<\/h1>\n<\/div><\/div>\n\n\n\n<div class=\"wp-block-group alignfull has-white-background-color has-background\"><div class=\"wp-block-group__inner-container is-layout-flow wp-block-group-is-layout-flow\">\n<h2 class=\"has-text-align-center wp-block-heading\">Nossos servi\u00e7os<\/h2>\n\n\n\n<div class=\"wp-block-columns is-layout-flex wp-container-core-columns-is-layout-28f84493 wp-block-columns-is-layout-flex\">\n<div class=\"wp-block-column is-layout-flow wp-block-column-is-layout-flow\">\n<div class=\"wp-block-group\"><div class=\"wp-block-group__inner-container is-layout-flow wp-block-group-is-layout-flow\">\n<div class=\"wp-block-image\"><figure class=\"aligncenter size-large\"><img decoding=\"async\" width=\"683\" height=\"1024\" src=\"https:\/\/mtstecnologiaeengenharia.com.br\/wp-content\/uploads\/2021\/06\/startup-683x1024.jpg\" alt=\"\" class=\"wp-image-333\" srcset=\"https:\/\/mtstecnologiaeengenharia.com.br\/wp-content\/uploads\/2021\/06\/startup-683x1024.jpg 683w, https:\/\/mtstecnologiaeengenharia.com.br\/wp-content\/uploads\/2021\/06\/startup-200x300.jpg 200w, https:\/\/mtstecnologiaeengenharia.com.br\/wp-content\/uploads\/2021\/06\/startup-768x1151.jpg 768w, https:\/\/mtstecnologiaeengenharia.com.br\/wp-content\/uploads\/2021\/06\/startup-1025x1536.jpg 1025w, https:\/\/mtstecnologiaeengenharia.com.br\/wp-content\/uploads\/2021\/06\/startup.jpg 1280w\" sizes=\"(max-width: 683px) 100vw, 683px\" \/><\/figure><\/div>\n\n\n\n<h2 class=\"has-text-align-center has-vivid-red-color has-text-color has-large-font-size wp-block-heading\">Startups<\/h2>\n\n\n\n<p class=\"has-text-align-left\">Empresas startup s\u00e3o jovens e buscam a inova\u00e7\u00e3o em qualquer \u00e1rea ou ramo de atividade, procurando desenvolver um modelo de neg\u00f3cio escal\u00e1vel e que seja repet\u00edvel.<\/p>\n\n\n\n<p class=\"has-text-align-left\">Um modelo de neg\u00f3cio \u00e9 a forma como a empresa gera valor para os clientes. Um modelo escal\u00e1vel e repet\u00edvel significa que, com o mesmo modelo econ\u00f4mico, a empresa vai atingir um grande n\u00famero de clientes e gerar lucros em pouco tempo, sem haver um aumento significativo dos custos.<\/p>\n<\/div><\/div>\n<\/div>\n\n\n\n<div class=\"wp-block-column is-layout-flow wp-block-column-is-layout-flow\">\n<div class=\"wp-block-group\"><div class=\"wp-block-group__inner-container is-layout-flow wp-block-group-is-layout-flow\">\n<div class=\"wp-block-image\"><figure class=\"aligncenter size-large\"><img decoding=\"async\" width=\"683\" height=\"1024\" src=\"https:\/\/mtstecnologiaeengenharia.com.br\/wp-content\/uploads\/2021\/06\/engedados-683x1024.jpg\" alt=\"\" class=\"wp-image-339\" srcset=\"https:\/\/mtstecnologiaeengenharia.com.br\/wp-content\/uploads\/2021\/06\/engedados-683x1024.jpg 683w, https:\/\/mtstecnologiaeengenharia.com.br\/wp-content\/uploads\/2021\/06\/engedados-200x300.jpg 200w, https:\/\/mtstecnologiaeengenharia.com.br\/wp-content\/uploads\/2021\/06\/engedados-768x1151.jpg 768w, https:\/\/mtstecnologiaeengenharia.com.br\/wp-content\/uploads\/2021\/06\/engedados-1025x1536.jpg 1025w, https:\/\/mtstecnologiaeengenharia.com.br\/wp-content\/uploads\/2021\/06\/engedados.jpg 1280w\" sizes=\"(max-width: 683px) 100vw, 683px\" \/><\/figure><\/div>\n\n\n\n<h2 class=\"has-text-align-center has-vivid-red-color has-text-color has-large-font-size wp-block-heading\">Engenharia de dados<\/h2>\n\n\n\n<p class=\"has-text-align-left\">Engenharia de dados \u00e9 uma&nbsp;\u00e1rea que trata da transforma\u00e7\u00e3o<strong> <\/strong>dos dados brutos&nbsp;de uma empresa.<\/p>\n\n\n\n<p class=\"has-text-align-left\">Essa \u00e9 a primeira etapa do processamento de dados, s\u00e9rie de atividades que tem o objetivo de fazer o que falamos antes: dar uma utilidade pr\u00e1tica \u00e0 grande quantidade de informa\u00e7\u00e3o dispon\u00edvel.<\/p>\n\n\n\n<p class=\"has-text-align-left\">Tudo come\u00e7a a partir de processos de&nbsp;coleta, armazenamento e distribui\u00e7\u00e3o dos dados, que est\u00e3o sob o guarda-chuva da engenharia de dados.<\/p>\n<\/div><\/div>\n<\/div>\n<\/div>\n\n\n\n<div class=\"wp-block-columns is-layout-flex wp-container-core-columns-is-layout-28f84493 wp-block-columns-is-layout-flex\">\n<div class=\"wp-block-column is-layout-flow wp-block-column-is-layout-flow\">\n<div class=\"wp-block-group\"><div class=\"wp-block-group__inner-container is-layout-flow wp-block-group-is-layout-flow\">\n<div class=\"wp-block-image\"><figure class=\"aligncenter size-large\"><img decoding=\"async\" width=\"683\" height=\"1024\" src=\"https:\/\/mtstecnologiaeengenharia.com.br\/wp-content\/uploads\/2021\/06\/datascience-683x1024.jpg\" alt=\"\" class=\"wp-image-354\" srcset=\"https:\/\/mtstecnologiaeengenharia.com.br\/wp-content\/uploads\/2021\/06\/datascience-683x1024.jpg 683w, https:\/\/mtstecnologiaeengenharia.com.br\/wp-content\/uploads\/2021\/06\/datascience-200x300.jpg 200w, https:\/\/mtstecnologiaeengenharia.com.br\/wp-content\/uploads\/2021\/06\/datascience-768x1152.jpg 768w, https:\/\/mtstecnologiaeengenharia.com.br\/wp-content\/uploads\/2021\/06\/datascience-1024x1536.jpg 1024w, https:\/\/mtstecnologiaeengenharia.com.br\/wp-content\/uploads\/2021\/06\/datascience.jpg 1280w\" sizes=\"(max-width: 683px) 100vw, 683px\" \/><\/figure><\/div>\n\n\n\n<h2 class=\"has-text-align-center has-vivid-red-color has-text-color has-large-font-size wp-block-heading\">Data Science<\/h2>\n\n\n\n<p class=\"has-text-align-left\">Data Science, ou Ci\u00eancia de dados \u00e9 o cruzamento das tecnologias de computa\u00e7\u00e3o e programa\u00e7\u00e3o com estat\u00edstica, matem\u00e1tica e m\u00e9todos cient\u00edficos que tem o objetivo de analisar dados estruturados e ou dados n\u00e3o-estruturados, a fim de processar, analisar e disponibilizar de maneira gr\u00e1fica e compreens\u00edvel ao olhar humano grandes volumes de informa\u00e7\u00f5es, ou dados, tamb\u00e9m chamados de \u2018\u2019Big Data\u2019\u2019, de maneira que facilitem e otimizem a tomada de decis\u00e3o sobre problemas do mundo real, que por muitas vezes ajudam empresas a tomar melhores decis\u00f5es, reduzir custos, reduzir riscos e aumentar seus lucros.<\/p>\n<\/div><\/div>\n<\/div>\n\n\n\n<div class=\"wp-block-column is-layout-flow wp-block-column-is-layout-flow\">\n<div class=\"wp-block-group\"><div class=\"wp-block-group__inner-container is-layout-flow wp-block-group-is-layout-flow\">\n<div class=\"wp-block-image\"><figure class=\"aligncenter size-large\"><img decoding=\"async\" width=\"683\" height=\"1024\" src=\"https:\/\/mtstecnologiaeengenharia.com.br\/wp-content\/uploads\/2021\/06\/bigdata2-683x1024.jpg\" alt=\"mts tecnologia\" class=\"wp-image-377\" srcset=\"https:\/\/mtstecnologiaeengenharia.com.br\/wp-content\/uploads\/2021\/06\/bigdata2-683x1024.jpg 683w, https:\/\/mtstecnologiaeengenharia.com.br\/wp-content\/uploads\/2021\/06\/bigdata2-200x300.jpg 200w, https:\/\/mtstecnologiaeengenharia.com.br\/wp-content\/uploads\/2021\/06\/bigdata2-768x1152.jpg 768w, https:\/\/mtstecnologiaeengenharia.com.br\/wp-content\/uploads\/2021\/06\/bigdata2-1024x1536.jpg 1024w, https:\/\/mtstecnologiaeengenharia.com.br\/wp-content\/uploads\/2021\/06\/bigdata2.jpg 1280w\" sizes=\"(max-width: 683px) 100vw, 683px\" \/><\/figure><\/div>\n\n\n\n<h2 class=\"has-text-align-center has-vivid-red-color has-text-color has-large-font-size wp-block-heading\">Big Data<\/h2>\n\n\n\n<p>Big Data \u00e9 a an\u00e1lise e a interpreta\u00e7\u00e3o de grandes volumes de dados de grande variedade. Para isso s\u00e3o necess\u00e1rias solu\u00e7\u00f5es espec\u00edficas para&nbsp;Big Data&nbsp;que permitam a profissionais de TI trabalhar com informa\u00e7\u00f5es n\u00e3o-estruturadas a uma grande velocidade.<\/p>\n\n\n\n<p>As ferramentas de Big Data s\u00e3o de grande import\u00e2ncia na defini\u00e7\u00e3o de estrat\u00e9gias de marketing. Com elas \u00e9 poss\u00edvel, por exemplo, aumentar a produtividade, reduzir custos e tomar decis\u00f5es de neg\u00f3cios mais inteligentes.<\/p>\n<\/div><\/div>\n<\/div>\n<\/div>\n<\/div><\/div>\n","protected":false},"excerpt":{"rendered":"<p>Nossos servi\u00e7os Startups Empresas startup s\u00e3o jovens e buscam a inova\u00e7\u00e3o em qualquer \u00e1rea ou ramo de atividade, procurando desenvolver um modelo de neg\u00f3cio escal\u00e1vel e que seja repet\u00edvel. Um modelo de neg\u00f3cio \u00e9 a forma como a empresa gera valor para os clientes. Um modelo escal\u00e1vel e repet\u00edvel significa que, com o mesmo modelo [&hellip;]<\/p>\n","protected":false},"author":1,"featured_media":0,"parent":0,"menu_order":0,"comment_status":"closed","ping_status":"closed","template":"","meta":{"_uag_custom_page_level_css":"","site-sidebar-layout":"no-sidebar","site-content-layout":"plain-container","ast-site-content-layout":"","site-content-style":"default","site-sidebar-style":"default","ast-global-header-display":"","ast-banner-title-visibility":"","ast-main-header-display":"","ast-hfb-above-header-display":"","ast-hfb-below-header-display":"","ast-hfb-mobile-header-display":"","site-post-title":"disabled","ast-breadcrumbs-content":"","ast-featured-img":"","footer-sml-layout":"","theme-transparent-header-meta":"enabled","adv-header-id-meta":"","stick-header-meta":"","header-above-stick-meta":"","header-main-stick-meta":"","header-below-stick-meta":"","astra-migrate-meta-layouts":"default","ast-page-background-enabled":"default","ast-page-background-meta":{"desktop":{"background-color":"","background-image":"","background-repeat":"repeat","background-position":"center center","background-size":"auto","background-attachment":"scroll","background-type":"","background-media":"","overlay-type":"","overlay-color":"","overlay-gradient":""},"tablet":{"background-color":"","background-image":"","background-repeat":"repeat","background-position":"center center","background-size":"auto","background-attachment":"scroll","background-type":"","background-media":"","overlay-type":"","overlay-color":"","overlay-gradient":""},"mobile":{"background-color":"","background-image":"","background-repeat":"repeat","background-position":"center center","background-size":"auto","background-attachment":"scroll","background-type":"","background-media":"","overlay-type":"","overlay-color":"","overlay-gradient":""}},"ast-content-background-meta":{"desktop":{"background-color":"var(--ast-global-color-5)","background-image":"","background-repeat":"repeat","background-position":"center center","background-size":"auto","background-attachment":"scroll","background-type":"","background-media":"","overlay-type":"","overlay-color":"","overlay-gradient":""},"tablet":{"background-color":"var(--ast-global-color-5)","background-image":"","background-repeat":"repeat","background-position":"center center","background-size":"auto","background-attachment":"scroll","background-type":"","background-media":"","overlay-type":"","overlay-color":"","overlay-gradient":""},"mobile":{"background-color":"var(--ast-global-color-5)","background-image":"","background-repeat":"repeat","background-position":"center center","background-size":"auto","background-attachment":"scroll","background-type":"","background-media":"","overlay-type":"","overlay-color":"","overlay-gradient":""}},"footnotes":""},"class_list":["post-131","page","type-page","status-publish","hentry"],"uagb_featured_image_src":{"full":false,"thumbnail":false,"medium":false,"medium_large":false,"large":false,"1536x1536":false,"2048x2048":false},"uagb_author_info":{"display_name":"mtstecnologiaeengenharia","author_link":"https:\/\/mtstecnologiaeengenharia.com.br\/index.php\/author\/mtstecnologiaeengenharia\/"},"uagb_comment_info":0,"uagb_excerpt":"Nossos servi\u00e7os Startups Empresas startup s\u00e3o jovens e buscam a inova\u00e7\u00e3o em qualquer \u00e1rea ou ramo de atividade, procurando desenvolver um modelo de neg\u00f3cio escal\u00e1vel e que seja repet\u00edvel. Um modelo de neg\u00f3cio \u00e9 a forma como a empresa gera valor para os clientes. Um modelo escal\u00e1vel e repet\u00edvel significa que, com o mesmo modelo&hellip;","_links":{"self":[{"href":"https:\/\/mtstecnologiaeengenharia.com.br\/index.php\/wp-json\/wp\/v2\/pages\/131","targetHints":{"allow":["GET"]}}],"collection":[{"href":"https:\/\/mtstecnologiaeengenharia.com.br\/index.php\/wp-json\/wp\/v2\/pages"}],"about":[{"href":"https:\/\/mtstecnologiaeengenharia.com.br\/index.php\/wp-json\/wp\/v2\/types\/page"}],"author":[{"embeddable":true,"href":"https:\/\/mtstecnologiaeengenharia.com.br\/index.php\/wp-json\/wp\/v2\/users\/1"}],"replies":[{"embeddable":true,"href":"https:\/\/mtstecnologiaeengenharia.com.br\/index.php\/wp-json\/wp\/v2\/comments?post=131"}],"version-history":[{"count":22,"href":"https:\/\/mtstecnologiaeengenharia.com.br\/index.php\/wp-json\/wp\/v2\/pages\/131\/revisions"}],"predecessor-version":[{"id":379,"href":"https:\/\/mtstecnologiaeengenharia.com.br\/index.php\/wp-json\/wp\/v2\/pages\/131\/revisions\/379"}],"wp:attachment":[{"href":"https:\/\/mtstecnologiaeengenharia.com.br\/index.php\/wp-json\/wp\/v2\/media?parent=131"}],"curies":[{"name":"wp","href":"https:\/\/api.w.org\/{rel}","templated":true}]}}